{"id":6488,"date":"2023-03-04T16:57:02","date_gmt":"2023-03-04T15:57:02","guid":{"rendered":"https:\/\/impactinitiative.essec.edu\/?page_id=6488"},"modified":"2023-06-07T12:15:32","modified_gmt":"2023-06-07T10:15:32","slug":"petit-precis-2","status":"publish","type":"page","link":"https:\/\/centre-innovation-sociale-ecologique.essec.edu\/index.php\/petit-precis-2\/","title":{"rendered":"Petit pr\u00e9cis de l&rsquo;\u00e9valuation d&rsquo;impact"},"content":{"rendered":"<p>[et_pb_section fb_built=\u00a0\u00bb1&Prime; admin_label=\u00a0\u00bbSection\u00a0\u00bb _builder_version=\u00a0\u00bb4.21.0&Prime; min_height=\u00a0\u00bb348.3px\u00a0\u00bb custom_padding=\u00a0\u00bb0px||0px||false|false\u00a0\u00bb collapsed=\u00a0\u00bboff\u00a0\u00bb global_colors_info=\u00a0\u00bb{}\u00a0\u00bb][et_pb_row _builder_version=\u00a0\u00bb4.21.0&Prime; background_size=\u00a0\u00bbinitial\u00a0\u00bb background_position=\u00a0\u00bbtop_left\u00a0\u00bb background_repeat=\u00a0\u00bbrepeat\u00a0\u00bb global_colors_info=\u00a0\u00bb{}\u00a0\u00bb][et_pb_column type=\u00a0\u00bb4_4&Prime; _builder_version=\u00a0\u00bb4.16&Prime; custom_padding=\u00a0\u00bb|||\u00a0\u00bb global_colors_info=\u00a0\u00bb{}\u00a0\u00bb custom_padding__hover=\u00a0\u00bb|||\u00a0\u00bb][et_pb_text admin_label=\u00a0\u00bbTexte\u00a0\u00bb _builder_version=\u00a0\u00bb4.21.0&Prime; _module_preset=\u00a0\u00bbdefault\u00a0\u00bb header_font=\u00a0\u00bb|700|||||||\u00a0\u00bb header_text_align=\u00a0\u00bbcenter\u00a0\u00bb header_text_color=\u00a0\u00bb#3B57A1&Prime; header_font_size=\u00a0\u00bb35px\u00a0\u00bb global_colors_info=\u00a0\u00bb{}\u00a0\u00bb]<\/p>\n<div id=\"ultimate-heading-22285faff5ae85b84\" class=\"uvc-heading ult-adjust-bottom-margin ultimate-heading-22285faff5ae85b84 uvc-5305 title\" data-hspacer=\"no_spacer\" data-halign=\"center\">\n<div class=\"uvc-main-heading ult-responsive\" data-ultimate-target=\".uvc-heading.ultimate-heading-22285faff5ae85b84 h1\" data-responsive-json-new=\"{&quot;font-size&quot;:&quot;&quot;,&quot;line-height&quot;:&quot;&quot;}\">\n<div id=\"ultimate-heading-84695fb01d600aa94\" class=\"uvc-heading ult-adjust-bottom-margin ultimate-heading-84695fb01d600aa94 uvc-3723 \" data-hspacer=\"no_spacer\" data-halign=\"center\">\n<div class=\"uvc-main-heading ult-responsive\" data-ultimate-target=\".uvc-heading.ultimate-heading-84695fb01d600aa94 h1\" data-responsive-json-new=\"{&quot;font-size&quot;:&quot;&quot;,&quot;line-height&quot;:&quot;&quot;}\">\n<div id=\"ultimate-heading-25385fb0239c16712\" class=\"uvc-heading ult-adjust-bottom-margin ultimate-heading-25385fb0239c16712 uvc-9846 \" data-hspacer=\"no_spacer\" data-halign=\"center\">\n<div class=\"uvc-main-heading ult-responsive\" data-ultimate-target=\".uvc-heading.ultimate-heading-25385fb0239c16712 h1\" data-responsive-json-new=\"{&quot;font-size&quot;:&quot;&quot;,&quot;line-height&quot;:&quot;&quot;}\">\n<div id=\"ultimate-heading-75075fb0ffc201dd0\" class=\"uvc-heading ult-adjust-bottom-margin ultimate-heading-75075fb0ffc201dd0 uvc-3192 \" data-hspacer=\"no_spacer\" data-halign=\"center\">\n<div class=\"uvc-main-heading ult-responsive\" data-ultimate-target=\".uvc-heading.ultimate-heading-75075fb0ffc201dd0 h1\" data-responsive-json-new=\"{&quot;font-size&quot;:&quot;&quot;,&quot;line-height&quot;:&quot;&quot;}\">\n<div id=\"ultimate-heading-22375fb163eedcef2\" class=\"uvc-heading ult-adjust-bottom-margin ultimate-heading-22375fb163eedcef2 uvc-4119 \" data-hspacer=\"no_spacer\" data-halign=\"center\">\n<div class=\"uvc-main-heading ult-responsive\" data-ultimate-target=\".uvc-heading.ultimate-heading-22375fb163eedcef2 h1\" data-responsive-json-new=\"{&quot;font-size&quot;:&quot;&quot;,&quot;line-height&quot;:&quot;&quot;}\">\n<div id=\"ultimate-heading-83745fb167288909b\" class=\"uvc-heading ult-adjust-bottom-margin ultimate-heading-83745fb167288909b uvc-6574 \" data-hspacer=\"no_spacer\" data-halign=\"center\">\n<div class=\"uvc-main-heading ult-responsive\" data-ultimate-target=\".uvc-heading.ultimate-heading-83745fb167288909b h1\" data-responsive-json-new=\"{&quot;font-size&quot;:&quot;&quot;,&quot;line-height&quot;:&quot;&quot;}\">\n<div id=\"ultimate-heading-8865fb173e6ba221\" class=\"uvc-heading ult-adjust-bottom-margin ultimate-heading-8865fb173e6ba221 uvc-4572 \" data-hspacer=\"no_spacer\" data-halign=\"center\">\n<div class=\"uvc-main-heading ult-responsive\" data-ultimate-target=\".uvc-heading.ultimate-heading-8865fb173e6ba221 h1\" data-responsive-json-new=\"{&quot;font-size&quot;:&quot;&quot;,&quot;line-height&quot;:&quot;&quot;}\">\n<h1 style=\"text-align: left;\"><span>Petit pr\u00e9cis de l&rsquo;\u00e9valuation d&rsquo;impact social<\/span><\/h1>\n<\/div>\n<\/div>\n<\/div>\n<\/div>\n<\/div>\n<\/div>\n<\/div>\n<\/div>\n<\/div>\n<\/div>\n<\/div>\n<\/div>\n<\/div>\n<\/div>\n<p>[\/et_pb_text][\/et_pb_column][\/et_pb_row][et_pb_row column_structure=\u00a0\u00bb1_4,3_4&Prime; _builder_version=\u00a0\u00bb4.18.0&Prime; _module_preset=\u00a0\u00bbdefault\u00a0\u00bb global_colors_info=\u00a0\u00bb{}\u00a0\u00bb][et_pb_column type=\u00a0\u00bb1_4&Prime; _builder_version=\u00a0\u00bb4.18.0&Prime; _module_preset=\u00a0\u00bbdefault\u00a0\u00bb global_colors_info=\u00a0\u00bb{}\u00a0\u00bb][et_pb_image src=\u00a0\u00bbhttps:\/\/impactinitiative.essec.edu\/wp-content\/uploads\/2022\/01\/Capture-de\u0301cran-2022-01-10-a\u0300-15.18.43.png\u00a0\u00bb title_text=\u00a0\u00bbCapture d\u2019e\u0301cran 2022-01-10 a\u0300 15.18.43&Prime; url=\u00a0\u00bbhttps:\/\/impactinitiative.essec.edu\/wp-content\/uploads\/2021\/11\/PetitPrecis2.pdf\u00a0\u00bb _builder_version=\u00a0\u00bb4.21.0&Prime; _module_preset=\u00a0\u00bbdefault\u00a0\u00bb transform_origin=\u00a0\u00bb100%|50%\u00a0\u00bb width_tablet=\u00a0\u00bb\u00a0\u00bb width_phone=\u00a0\u00bb30%\u00a0\u00bb width_last_edited=\u00a0\u00bbon|phone\u00a0\u00bb custom_margin=\u00a0\u00bb||0px||false|false\u00a0\u00bb custom_margin_tablet=\u00a0\u00bb||0px||false|false\u00a0\u00bb custom_margin_phone=\u00a0\u00bb||-20px||false|false\u00a0\u00bb custom_margin_last_edited=\u00a0\u00bbon|phone\u00a0\u00bb hover_enabled=\u00a0\u00bb0&Prime; global_colors_info=\u00a0\u00bb{}\u00a0\u00bb sticky_enabled=\u00a0\u00bb0&Prime;][\/et_pb_image][\/et_pb_column][et_pb_column type=\u00a0\u00bb3_4&Prime; _builder_version=\u00a0\u00bb4.18.0&Prime; _module_preset=\u00a0\u00bbdefault\u00a0\u00bb global_colors_info=\u00a0\u00bb{}\u00a0\u00bb][et_pb_text _builder_version=\u00a0\u00bb4.21.0&Prime; _module_preset=\u00a0\u00bbdefault\u00a0\u00bb text_font_size=\u00a0\u00bb13px\u00a0\u00bb header_text_color=\u00a0\u00bb#00B2E8&Prime; header_4_text_color=\u00a0\u00bb#00B2E8&Prime; min_height=\u00a0\u00bb41.8px\u00a0\u00bb custom_margin=\u00a0\u00bb||11px|||\u00a0\u00bb hover_enabled=\u00a0\u00bb0&Prime; text_line_height_tablet=\u00a0\u00bb\u00a0\u00bb text_line_height_phone=\u00a0\u00bb1.4em\u00a0\u00bb text_line_height_last_edited=\u00a0\u00bbon|phone\u00a0\u00bb global_colors_info=\u00a0\u00bb{}\u00a0\u00bb sticky_enabled=\u00a0\u00bb0&Prime;]<\/p>\n<h4><a href=\"https:\/\/impactinitiative.essec.edu\/wp-content\/uploads\/2021\/11\/PetitPrecis2.pdf\" target=\"_blank\" rel=\"nofollow\">Comprendre l&rsquo;\u00e9valuation d&rsquo;impact<\/a><\/h4>\n<div class=\"page\" title=\"Page 3\">\n<div class=\"layoutArea\">\n<div class=\"column\">\n<p><span>Rendre les fondamentaux de l\u2019e\u0301valuation de l\u2019impact social accessibles aux acteurs re\u0301pondant a\u0300 des besoins sociaux, pour les aider a\u0300 amorcer une pratique qui devait devenir incontournable, puisque ces acteurs sont chaque jour plus encourage\u0301s a\u0300 faire la preuve <\/span><span>(Prove) <\/span><span>de leur valeur sociale et a\u0300 ame\u0301liorer leurs pratiques <\/span><span>(Improve) <\/span><span>pour maximiser leur impact, dans un contexte de de\u0301veloppement de l\u2019e\u0301conomie sociale et solidaire. <\/span><\/p>\n<p><em><\/em><\/p>\n<\/div>\n<\/div>\n<\/div>\n<p><em>Une publication r\u00e9alis\u00e9e par le labo E&amp;MISE, l&rsquo;AVISE, et Mouvement impact France<\/em><\/p>\n<p>[\/et_pb_text][\/et_pb_column][\/et_pb_row][\/et_pb_section]<\/p>\n","protected":false},"excerpt":{"rendered":"<p>Petit pr\u00e9cis de l&rsquo;\u00e9valuation d&rsquo;impact social Comprendre l&rsquo;\u00e9valuation d&rsquo;impact Rendre les fondamentaux de l\u2019e\u0301valuation de l\u2019impact social accessibles aux acteurs re\u0301pondant a\u0300 des besoins sociaux, pour les aider a\u0300 amorcer une pratique qui devait devenir incontournable, puisque ces acteurs sont chaque jour plus encourage\u0301s a\u0300 faire la preuve (Prove) de leur valeur sociale et a\u0300 [&hellip;]<\/p>\n","protected":false},"author":2,"featured_media":0,"parent":0,"menu_order":0,"comment_status":"closed","ping_status":"closed","template":"","meta":{"_et_pb_use_builder":"on","_et_pb_old_content":"","_et_gb_content_width":"","inline_featured_image":false},"yoast_head":"<!-- This site is optimized with the Yoast SEO plugin v20.11 - https:\/\/yoast.com\/wordpress\/plugins\/seo\/ -->\n<title>Petit pr\u00e9cis de l&#039;\u00e9valuation d&#039;impact - Centre Innovation Sociale et Ecologique<\/title>\n<meta name=\"description\" content=\"Innovation sociale - Entrepreneuriat social - Impact\" \/>\n<meta name=\"robots\" content=\"index, follow, max-snippet:-1, max-image-preview:large, max-video-preview:-1\" \/>\n<link rel=\"canonical\" href=\"https:\/\/centre-innovation-sociale-ecologique.essec.edu\/index.php\/petit-precis-2\/\" \/>\n<meta property=\"og:locale\" content=\"fr_FR\" \/>\n<meta property=\"og:type\" content=\"article\" \/>\n<meta property=\"og:title\" content=\"Petit pr\u00e9cis de l&#039;\u00e9valuation d&#039;impact - Centre Innovation Sociale et Ecologique\" \/>\n<meta property=\"og:description\" content=\"Innovation sociale - Entrepreneuriat social - Impact\" \/>\n<meta property=\"og:url\" content=\"https:\/\/centre-innovation-sociale-ecologique.essec.edu\/index.php\/petit-precis-2\/\" \/>\n<meta property=\"og:site_name\" content=\"Centre Innovation Sociale et Ecologique\" \/>\n<meta property=\"article:modified_time\" content=\"2023-06-07T10:15:32+00:00\" \/>\n<meta name=\"twitter:card\" content=\"summary_large_image\" \/>\n<meta name=\"twitter:label1\" content=\"Dur\u00e9e de lecture estim\u00e9e\" \/>\n\t<meta name=\"twitter:data1\" content=\"1 minute\" \/>\n<script type=\"application\/ld+json\" class=\"yoast-schema-graph\">{\"@context\":\"https:\/\/schema.org\",\"@graph\":[{\"@type\":\"WebPage\",\"@id\":\"https:\/\/centre-innovation-sociale-ecologique.essec.edu\/index.php\/petit-precis-2\/\",\"url\":\"https:\/\/centre-innovation-sociale-ecologique.essec.edu\/index.php\/petit-precis-2\/\",\"name\":\"Petit pr\u00e9cis de l'\u00e9valuation d'impact - Centre Innovation Sociale et Ecologique\",\"isPartOf\":{\"@id\":\"https:\/\/centre-innovation-sociale-ecologique.essec.edu\/#website\"},\"datePublished\":\"2023-03-04T15:57:02+00:00\",\"dateModified\":\"2023-06-07T10:15:32+00:00\",\"description\":\"Innovation sociale - Entrepreneuriat social - Impact\",\"breadcrumb\":{\"@id\":\"https:\/\/centre-innovation-sociale-ecologique.essec.edu\/index.php\/petit-precis-2\/#breadcrumb\"},\"inLanguage\":\"fr-FR\",\"potentialAction\":[{\"@type\":\"ReadAction\",\"target\":[\"https:\/\/centre-innovation-sociale-ecologique.essec.edu\/index.php\/petit-precis-2\/\"]}]},{\"@type\":\"BreadcrumbList\",\"@id\":\"https:\/\/centre-innovation-sociale-ecologique.essec.edu\/index.php\/petit-precis-2\/#breadcrumb\",\"itemListElement\":[{\"@type\":\"ListItem\",\"position\":1,\"name\":\"Home\",\"item\":\"https:\/\/centre-innovation-sociale-ecologique.essec.edu\/\"},{\"@type\":\"ListItem\",\"position\":2,\"name\":\"Petit pr\u00e9cis de l&rsquo;\u00e9valuation d&rsquo;impact\"}]},{\"@type\":\"WebSite\",\"@id\":\"https:\/\/centre-innovation-sociale-ecologique.essec.edu\/#website\",\"url\":\"https:\/\/centre-innovation-sociale-ecologique.essec.edu\/\",\"name\":\"Centre Innovation Sociale et Ecologique\",\"description\":\"\",\"publisher\":{\"@id\":\"https:\/\/centre-innovation-sociale-ecologique.essec.edu\/#organization\"},\"potentialAction\":[{\"@type\":\"SearchAction\",\"target\":{\"@type\":\"EntryPoint\",\"urlTemplate\":\"https:\/\/centre-innovation-sociale-ecologique.essec.edu\/?s={search_term_string}\"},\"query-input\":\"required name=search_term_string\"}],\"inLanguage\":\"fr-FR\"},{\"@type\":\"Organization\",\"@id\":\"https:\/\/centre-innovation-sociale-ecologique.essec.edu\/#organization\",\"name\":\"Essec Business School\",\"url\":\"https:\/\/centre-innovation-sociale-ecologique.essec.edu\/\",\"logo\":{\"@type\":\"ImageObject\",\"inLanguage\":\"fr-FR\",\"@id\":\"https:\/\/centre-innovation-sociale-ecologique.essec.edu\/#\/schema\/logo\/image\/\",\"url\":\"https:\/\/impactinitiative.essec.edu\/wp-content\/uploads\/2020\/11\/ESSEC_BS_logo_BLANC.png\",\"contentUrl\":\"https:\/\/impactinitiative.essec.edu\/wp-content\/uploads\/2020\/11\/ESSEC_BS_logo_BLANC.png\",\"width\":546,\"height\":509,\"caption\":\"Essec Business School\"},\"image\":{\"@id\":\"https:\/\/centre-innovation-sociale-ecologique.essec.edu\/#\/schema\/logo\/image\/\"}}]}<\/script>\n<!-- \/ Yoast SEO plugin. -->","yoast_head_json":{"title":"Petit pr\u00e9cis de l'\u00e9valuation d'impact - Centre Innovation Sociale et Ecologique","description":"Innovation sociale - Entrepreneuriat social - Impact","robots":{"index":"index","follow":"follow","max-snippet":"max-snippet:-1","max-image-preview":"max-image-preview:large","max-video-preview":"max-video-preview:-1"},"canonical":"https:\/\/centre-innovation-sociale-ecologique.essec.edu\/index.php\/petit-precis-2\/","og_locale":"fr_FR","og_type":"article","og_title":"Petit pr\u00e9cis de l'\u00e9valuation d'impact - Centre Innovation Sociale et Ecologique","og_description":"Innovation sociale - Entrepreneuriat social - Impact","og_url":"https:\/\/centre-innovation-sociale-ecologique.essec.edu\/index.php\/petit-precis-2\/","og_site_name":"Centre Innovation Sociale et Ecologique","article_modified_time":"2023-06-07T10:15:32+00:00","twitter_card":"summary_large_image","twitter_misc":{"Dur\u00e9e de lecture estim\u00e9e":"1 minute"},"schema":{"@context":"https:\/\/schema.org","@graph":[{"@type":"WebPage","@id":"https:\/\/centre-innovation-sociale-ecologique.essec.edu\/index.php\/petit-precis-2\/","url":"https:\/\/centre-innovation-sociale-ecologique.essec.edu\/index.php\/petit-precis-2\/","name":"Petit pr\u00e9cis de l'\u00e9valuation d'impact - Centre Innovation Sociale et Ecologique","isPartOf":{"@id":"https:\/\/centre-innovation-sociale-ecologique.essec.edu\/#website"},"datePublished":"2023-03-04T15:57:02+00:00","dateModified":"2023-06-07T10:15:32+00:00","description":"Innovation sociale - Entrepreneuriat social - Impact","breadcrumb":{"@id":"https:\/\/centre-innovation-sociale-ecologique.essec.edu\/index.php\/petit-precis-2\/#breadcrumb"},"inLanguage":"fr-FR","potentialAction":[{"@type":"ReadAction","target":["https:\/\/centre-innovation-sociale-ecologique.essec.edu\/index.php\/petit-precis-2\/"]}]},{"@type":"BreadcrumbList","@id":"https:\/\/centre-innovation-sociale-ecologique.essec.edu\/index.php\/petit-precis-2\/#breadcrumb","itemListElement":[{"@type":"ListItem","position":1,"name":"Home","item":"https:\/\/centre-innovation-sociale-ecologique.essec.edu\/"},{"@type":"ListItem","position":2,"name":"Petit pr\u00e9cis de l&rsquo;\u00e9valuation d&rsquo;impact"}]},{"@type":"WebSite","@id":"https:\/\/centre-innovation-sociale-ecologique.essec.edu\/#website","url":"https:\/\/centre-innovation-sociale-ecologique.essec.edu\/","name":"Centre Innovation Sociale et Ecologique","description":"","publisher":{"@id":"https:\/\/centre-innovation-sociale-ecologique.essec.edu\/#organization"},"potentialAction":[{"@type":"SearchAction","target":{"@type":"EntryPoint","urlTemplate":"https:\/\/centre-innovation-sociale-ecologique.essec.edu\/?s={search_term_string}"},"query-input":"required name=search_term_string"}],"inLanguage":"fr-FR"},{"@type":"Organization","@id":"https:\/\/centre-innovation-sociale-ecologique.essec.edu\/#organization","name":"Essec Business School","url":"https:\/\/centre-innovation-sociale-ecologique.essec.edu\/","logo":{"@type":"ImageObject","inLanguage":"fr-FR","@id":"https:\/\/centre-innovation-sociale-ecologique.essec.edu\/#\/schema\/logo\/image\/","url":"https:\/\/impactinitiative.essec.edu\/wp-content\/uploads\/2020\/11\/ESSEC_BS_logo_BLANC.png","contentUrl":"https:\/\/impactinitiative.essec.edu\/wp-content\/uploads\/2020\/11\/ESSEC_BS_logo_BLANC.png","width":546,"height":509,"caption":"Essec Business School"},"image":{"@id":"https:\/\/centre-innovation-sociale-ecologique.essec.edu\/#\/schema\/logo\/image\/"}}]}},"_links":{"self":[{"href":"https:\/\/centre-innovation-sociale-ecologique.essec.edu\/index.php\/wp-json\/wp\/v2\/pages\/6488"}],"collection":[{"href":"https:\/\/centre-innovation-sociale-ecologique.essec.edu\/index.php\/wp-json\/wp\/v2\/pages"}],"about":[{"href":"https:\/\/centre-innovation-sociale-ecologique.essec.edu\/index.php\/wp-json\/wp\/v2\/types\/page"}],"author":[{"embeddable":true,"href":"https:\/\/centre-innovation-sociale-ecologique.essec.edu\/index.php\/wp-json\/wp\/v2\/users\/2"}],"replies":[{"embeddable":true,"href":"https:\/\/centre-innovation-sociale-ecologique.essec.edu\/index.php\/wp-json\/wp\/v2\/comments?post=6488"}],"version-history":[{"count":13,"href":"https:\/\/centre-innovation-sociale-ecologique.essec.edu\/index.php\/wp-json\/wp\/v2\/pages\/6488\/revisions"}],"predecessor-version":[{"id":7428,"href":"https:\/\/centre-innovation-sociale-ecologique.essec.edu\/index.php\/wp-json\/wp\/v2\/pages\/6488\/revisions\/7428"}],"wp:attachment":[{"href":"https:\/\/centre-innovation-sociale-ecologique.essec.edu\/index.php\/wp-json\/wp\/v2\/media?parent=6488"}],"curies":[{"name":"wp","href":"https:\/\/api.w.org\/{rel}","templated":true}]}}