{"id":2277,"date":"2021-05-06T16:00:14","date_gmt":"2021-05-06T14:00:14","guid":{"rendered":"https:\/\/impactinitiative.essec.edu\/?page_id=2277"},"modified":"2024-08-04T18:53:39","modified_gmt":"2024-08-04T16:53:39","slug":"observatoire-evaluation-impact-social","status":"publish","type":"page","link":"https:\/\/centre-innovation-sociale-ecologique.essec.edu\/index.php\/observatoire-evaluation-impact-social\/","title":{"rendered":"L&rsquo;Observatoire de l&rsquo;\u00c9valuation d&rsquo;Impact Social"},"content":{"rendered":"<p>[et_pb_section fb_built=\u00a0\u00bb1&Prime; admin_label=\u00a0\u00bbSection\u00a0\u00bb _builder_version=\u00a0\u00bb4.21.0&Prime; min_height=\u00a0\u00bb261.1px\u00a0\u00bb custom_padding=\u00a0\u00bb0px||12px||false|false\u00a0\u00bb collapsed=\u00a0\u00bboff\u00a0\u00bb global_colors_info=\u00a0\u00bb{}\u00a0\u00bb][et_pb_row column_structure=\u00a0\u00bb3_4,1_4&Prime; _builder_version=\u00a0\u00bb4.21.0&Prime; _module_preset=\u00a0\u00bbdefault\u00a0\u00bb custom_padding=\u00a0\u00bb||11px|||\u00a0\u00bb global_colors_info=\u00a0\u00bb{}\u00a0\u00bb][et_pb_column type=\u00a0\u00bb3_4&Prime; _builder_version=\u00a0\u00bb4.18.0&Prime; _module_preset=\u00a0\u00bbdefault\u00a0\u00bb global_colors_info=\u00a0\u00bb{}\u00a0\u00bb][et_pb_text admin_label=\u00a0\u00bbTexte\u00a0\u00bb _builder_version=\u00a0\u00bb4.21.0&Prime; _module_preset=\u00a0\u00bbdefault\u00a0\u00bb header_font=\u00a0\u00bb|700|||||||\u00a0\u00bb header_text_align=\u00a0\u00bbcenter\u00a0\u00bb header_text_color=\u00a0\u00bb#3B57A1&Prime; header_font_size=\u00a0\u00bb35px\u00a0\u00bb global_colors_info=\u00a0\u00bb{}\u00a0\u00bb]<\/p>\n<div id=\"ultimate-heading-22285faff5ae85b84\" class=\"uvc-heading ult-adjust-bottom-margin ultimate-heading-22285faff5ae85b84 uvc-5305 title\" data-hspacer=\"no_spacer\" data-halign=\"center\">\n<div class=\"uvc-main-heading ult-responsive\" data-ultimate-target=\".uvc-heading.ultimate-heading-22285faff5ae85b84 h1\" data-responsive-json-new=\"{&quot;font-size&quot;:&quot;&quot;,&quot;line-height&quot;:&quot;&quot;}\">\n<div id=\"ultimate-heading-84695fb01d600aa94\" class=\"uvc-heading ult-adjust-bottom-margin ultimate-heading-84695fb01d600aa94 uvc-3723 \" data-hspacer=\"no_spacer\" data-halign=\"center\">\n<div class=\"uvc-main-heading ult-responsive\" data-ultimate-target=\".uvc-heading.ultimate-heading-84695fb01d600aa94 h1\" data-responsive-json-new=\"{&quot;font-size&quot;:&quot;&quot;,&quot;line-height&quot;:&quot;&quot;}\">\n<div id=\"ultimate-heading-25385fb0239c16712\" class=\"uvc-heading ult-adjust-bottom-margin ultimate-heading-25385fb0239c16712 uvc-9846 \" data-hspacer=\"no_spacer\" data-halign=\"center\">\n<div class=\"uvc-main-heading ult-responsive\" data-ultimate-target=\".uvc-heading.ultimate-heading-25385fb0239c16712 h1\" data-responsive-json-new=\"{&quot;font-size&quot;:&quot;&quot;,&quot;line-height&quot;:&quot;&quot;}\">\n<div id=\"ultimate-heading-75075fb0ffc201dd0\" class=\"uvc-heading ult-adjust-bottom-margin ultimate-heading-75075fb0ffc201dd0 uvc-3192 \" data-hspacer=\"no_spacer\" data-halign=\"center\">\n<div class=\"uvc-main-heading ult-responsive\" data-ultimate-target=\".uvc-heading.ultimate-heading-75075fb0ffc201dd0 h1\" data-responsive-json-new=\"{&quot;font-size&quot;:&quot;&quot;,&quot;line-height&quot;:&quot;&quot;}\">\n<div id=\"ultimate-heading-22375fb163eedcef2\" class=\"uvc-heading ult-adjust-bottom-margin ultimate-heading-22375fb163eedcef2 uvc-4119 \" data-hspacer=\"no_spacer\" data-halign=\"center\">\n<div class=\"uvc-main-heading ult-responsive\" data-ultimate-target=\".uvc-heading.ultimate-heading-22375fb163eedcef2 h1\" data-responsive-json-new=\"{&quot;font-size&quot;:&quot;&quot;,&quot;line-height&quot;:&quot;&quot;}\">\n<div id=\"ultimate-heading-83745fb167288909b\" class=\"uvc-heading ult-adjust-bottom-margin ultimate-heading-83745fb167288909b uvc-6574 \" data-hspacer=\"no_spacer\" data-halign=\"center\">\n<div class=\"uvc-main-heading ult-responsive\" data-ultimate-target=\".uvc-heading.ultimate-heading-83745fb167288909b h1\" data-responsive-json-new=\"{&quot;font-size&quot;:&quot;&quot;,&quot;line-height&quot;:&quot;&quot;}\">\n<div id=\"ultimate-heading-8865fb173e6ba221\" class=\"uvc-heading ult-adjust-bottom-margin ultimate-heading-8865fb173e6ba221 uvc-4572 \" data-hspacer=\"no_spacer\" data-halign=\"center\">\n<div class=\"uvc-main-heading ult-responsive\" data-ultimate-target=\".uvc-heading.ultimate-heading-8865fb173e6ba221 h1\" data-responsive-json-new=\"{&quot;font-size&quot;:&quot;&quot;,&quot;line-height&quot;:&quot;&quot;}\">\n<h1 style=\"text-align: left;\">Observatoire de l&rsquo;\u00e9valuation d&rsquo;impact social<\/h1>\n<\/div>\n<\/div>\n<\/div>\n<\/div>\n<\/div>\n<\/div>\n<\/div>\n<\/div>\n<\/div>\n<\/div>\n<\/div>\n<\/div>\n<\/div>\n<\/div>\n<p>[\/et_pb_text][et_pb_text _builder_version=\u00a0\u00bb4.21.0&Prime; _module_preset=\u00a0\u00bbdefault\u00a0\u00bb text_line_height_tablet=\u00a0\u00bb\u00a0\u00bb text_line_height_phone=\u00a0\u00bb1.4em\u00a0\u00bb text_line_height_last_edited=\u00a0\u00bbon|phone\u00a0\u00bb global_colors_info=\u00a0\u00bb{}\u00a0\u00bb]<\/p>\n<p><em><span>Qui sont les acteurs qui s\u2019emparent du sujet ?<\/span><\/em><span> <\/span><em><span>Quels sont les enjeux qui les animent ?<\/span><\/em><span> <\/span><em><span>Quels sont les modalit\u00e9s,\u00a0m\u00e9thodes\u00a0et outils\u00a0qu\u2019ils mettent en \u0153uvre ?<\/span><\/em><span> <\/span><em><span>\u00c0 quelles conditions ces \u00e9valuations sont-elles utiles au d\u00e9veloppement de l\u2019innovation sociale et \u00e9cologique ?<\/span><\/em><span><u><\/u><u><\/u><\/span><\/p>\n<p><span>Voici quelques-unes des questions auxquelles cet Observatoire tente de r\u00e9pondre\u00a0!<\/span><\/p>\n<p>[\/et_pb_text][\/et_pb_column][et_pb_column type=\u00a0\u00bb1_4&Prime; _builder_version=\u00a0\u00bb4.18.0&Prime; _module_preset=\u00a0\u00bbdefault\u00a0\u00bb global_colors_info=\u00a0\u00bb{}\u00a0\u00bb][et_pb_image src=\u00a0\u00bbhttps:\/\/impactinitiative.essec.edu\/wp-content\/uploads\/2023\/01\/Sans-titre-8-1.png\u00a0\u00bb alt=\u00a0\u00bbpodcast\u00a0\u00bb title_text=\u00a0\u00bbSans titre-8&Prime; _builder_version=\u00a0\u00bb4.18.0&Prime; _module_preset=\u00a0\u00bbdefault\u00a0\u00bb transform_origin=\u00a0\u00bb100%|50%\u00a0\u00bb width_tablet=\u00a0\u00bb\u00a0\u00bb width_phone=\u00a0\u00bb30%\u00a0\u00bb width_last_edited=\u00a0\u00bbon|phone\u00a0\u00bb custom_margin=\u00a0\u00bb||0px||false|false\u00a0\u00bb custom_margin_tablet=\u00a0\u00bb||0px||false|false\u00a0\u00bb custom_margin_phone=\u00a0\u00bb||-20px||false|false\u00a0\u00bb custom_margin_last_edited=\u00a0\u00bbon|phone\u00a0\u00bb global_colors_info=\u00a0\u00bb{}\u00a0\u00bb][\/et_pb_image][\/et_pb_column][\/et_pb_row][\/et_pb_section][et_pb_section fb_built=\u00a0\u00bb1&Prime; custom_padding_last_edited=\u00a0\u00bbon|phone\u00a0\u00bb _builder_version=\u00a0\u00bb4.17.3&Prime; _module_preset=\u00a0\u00bbdefault\u00a0\u00bb background_enable_color=\u00a0\u00bboff\u00a0\u00bb custom_margin=\u00a0\u00bb-7px||||false|false\u00a0\u00bb custom_padding=\u00a0\u00bb8px||0px||false|false\u00a0\u00bb custom_padding_tablet=\u00a0\u00bb70px||10px||false|false\u00a0\u00bb custom_padding_phone=\u00a0\u00bb60px||||false|false\u00a0\u00bb global_colors_info=\u00a0\u00bb{}\u00a0\u00bb][et_pb_row column_structure=\u00a0\u00bb1_4,1_4,1_4,1_4&Prime; _builder_version=\u00a0\u00bb4.21.0&Prime; _module_preset=\u00a0\u00bbdefault\u00a0\u00bb custom_margin=\u00a0\u00bb-2px|auto||auto||\u00a0\u00bb custom_padding=\u00a0\u00bb8px|||||\u00a0\u00bb locked=\u00a0\u00bboff\u00a0\u00bb global_colors_info=\u00a0\u00bb{}\u00a0\u00bb][et_pb_column type=\u00a0\u00bb1_4&Prime; _builder_version=\u00a0\u00bb4.18.0&Prime; _module_preset=\u00a0\u00bbdefault\u00a0\u00bb border_radii=\u00a0\u00bbon|10px|10px|10px|10px\u00a0\u00bb global_colors_info=\u00a0\u00bb{}\u00a0\u00bb][et_pb_button button_url=\u00a0\u00bbhttps:\/\/impactinitiative.essec.edu\/index.php\/panorama-de-levaluation-dimpact-social\/\u00a0\u00bb url_new_window=\u00a0\u00bbon\u00a0\u00bb button_text=\u00a0\u00bbD\u00e9couvrir le panorama de l&rsquo;\u00e9valuation d&rsquo;impact \u00a0\u00bb button_alignment=\u00a0\u00bbcenter\u00a0\u00bb _builder_version=\u00a0\u00bb4.21.0&Prime; _module_preset=\u00a0\u00bbdefault\u00a0\u00bb custom_button=\u00a0\u00bbon\u00a0\u00bb button_text_size=\u00a0\u00bb18px\u00a0\u00bb button_bg_use_color_gradient=\u00a0\u00bbon\u00a0\u00bb button_bg_color_gradient_direction=\u00a0\u00bb91deg\u00a0\u00bb button_bg_color_gradient_stops=\u00a0\u00bb#2b87da 0%|#3b57a1 98%\u00a0\u00bb button_bg_color_gradient_unit=\u00a0\u00bbcm\u00a0\u00bb button_border_width=\u00a0\u00bb0px\u00a0\u00bb button_border_radius=\u00a0\u00bb20px\u00a0\u00bb background_layout=\u00a0\u00bbdark\u00a0\u00bb button_text_size_tablet=\u00a0\u00bb\u00a0\u00bb button_text_size_phone=\u00a0\u00bb15px\u00a0\u00bb button_text_size_last_edited=\u00a0\u00bbon|phone\u00a0\u00bb box_shadow_style=\u00a0\u00bbpreset6&Prime; global_colors_info=\u00a0\u00bb{}\u00a0\u00bb][\/et_pb_button][\/et_pb_column][et_pb_column type=\u00a0\u00bb1_4&Prime; _builder_version=\u00a0\u00bb4.18.0&Prime; _module_preset=\u00a0\u00bbdefault\u00a0\u00bb border_radii=\u00a0\u00bbon|10px|10px|10px|10px\u00a0\u00bb global_colors_info=\u00a0\u00bb{}\u00a0\u00bb][et_pb_button button_url=\u00a0\u00bbhttps:\/\/impactinitiative.essec.edu\/index.php\/veilles\/\u00a0\u00bb url_new_window=\u00a0\u00bbon\u00a0\u00bb button_text=\u00a0\u00bbSuivre l&rsquo;actualit\u00e9 de l&rsquo;\u00e9valuation d&rsquo;impact\u00a0\u00bb button_alignment=\u00a0\u00bbcenter\u00a0\u00bb _builder_version=\u00a0\u00bb4.18.0&Prime; _module_preset=\u00a0\u00bbdefault\u00a0\u00bb custom_button=\u00a0\u00bbon\u00a0\u00bb button_text_size=\u00a0\u00bb18px\u00a0\u00bb button_bg_use_color_gradient=\u00a0\u00bbon\u00a0\u00bb button_bg_color_gradient_direction=\u00a0\u00bb91deg\u00a0\u00bb button_bg_color_gradient_stops=\u00a0\u00bb#2b87da 0%|#3b57a1 98%\u00a0\u00bb button_bg_color_gradient_unit=\u00a0\u00bbcm\u00a0\u00bb button_border_width=\u00a0\u00bb0px\u00a0\u00bb button_border_radius=\u00a0\u00bb20px\u00a0\u00bb background_layout=\u00a0\u00bbdark\u00a0\u00bb button_text_size_tablet=\u00a0\u00bb\u00a0\u00bb button_text_size_phone=\u00a0\u00bb15px\u00a0\u00bb button_text_size_last_edited=\u00a0\u00bbon|phone\u00a0\u00bb box_shadow_style=\u00a0\u00bbpreset6&Prime; global_colors_info=\u00a0\u00bb{}\u00a0\u00bb][\/et_pb_button][\/et_pb_column][et_pb_column type=\u00a0\u00bb1_4&Prime; _builder_version=\u00a0\u00bb4.18.0&Prime; _module_preset=\u00a0\u00bbdefault\u00a0\u00bb border_radii=\u00a0\u00bbon|10px|10px|10px|10px\u00a0\u00bb global_colors_info=\u00a0\u00bb{}\u00a0\u00bb][et_pb_button button_url=\u00a0\u00bb@ET-DC@eyJkeW5hbWljIjp0cnVlLCJjb250ZW50IjoicG9zdF9saW5rX3VybF9wYWdlIiwic2V0dGluZ3MiOnsicG9zdF9pZCI6IjY0ODgifX0=@\u00a0\u00bb url_new_window=\u00a0\u00bbon\u00a0\u00bb button_text=\u00a0\u00bbPetit pr\u00e9cis de l&rsquo;\u00e9valuation d&rsquo;impact\u00a0\u00bb button_alignment=\u00a0\u00bbcenter\u00a0\u00bb _builder_version=\u00a0\u00bb4.21.0&Prime; _dynamic_attributes=\u00a0\u00bbbutton_url\u00a0\u00bb _module_preset=\u00a0\u00bbdefault\u00a0\u00bb custom_button=\u00a0\u00bbon\u00a0\u00bb button_text_size=\u00a0\u00bb18px\u00a0\u00bb button_bg_use_color_gradient=\u00a0\u00bbon\u00a0\u00bb button_bg_color_gradient_direction=\u00a0\u00bb91deg\u00a0\u00bb button_bg_color_gradient_stops=\u00a0\u00bb#2b87da 0%|#3b57a1 98%\u00a0\u00bb button_bg_color_gradient_unit=\u00a0\u00bbcm\u00a0\u00bb button_border_width=\u00a0\u00bb0px\u00a0\u00bb button_border_radius=\u00a0\u00bb20px\u00a0\u00bb background_layout=\u00a0\u00bbdark\u00a0\u00bb button_text_size_tablet=\u00a0\u00bb\u00a0\u00bb button_text_size_phone=\u00a0\u00bb15px\u00a0\u00bb button_text_size_last_edited=\u00a0\u00bbon|phone\u00a0\u00bb box_shadow_style=\u00a0\u00bbpreset6&Prime; global_colors_info=\u00a0\u00bb{}\u00a0\u00bb][\/et_pb_button][\/et_pb_column][et_pb_column type=\u00a0\u00bb1_4&Prime; _builder_version=\u00a0\u00bb4.18.0&Prime; _module_preset=\u00a0\u00bbdefault\u00a0\u00bb border_radii=\u00a0\u00bbon|10px|10px|10px|10px\u00a0\u00bb global_colors_info=\u00a0\u00bb{}\u00a0\u00bb][\/et_pb_column][\/et_pb_row][\/et_pb_section][et_pb_section fb_built=\u00a0\u00bb1&Prime; _builder_version=\u00a0\u00bb4.17.3&Prime; _module_preset=\u00a0\u00bbdefault\u00a0\u00bb background_color=\u00a0\u00bb#f2f2f2&Prime; custom_padding=\u00a0\u00bb4px||5px|||\u00a0\u00bb global_colors_info=\u00a0\u00bb{}\u00a0\u00bb][et_pb_row column_structure=\u00a0\u00bb1_3,1_3,1_3&Prime; _builder_version=\u00a0\u00bb4.17.3&Prime; _module_preset=\u00a0\u00bbdefault\u00a0\u00bb custom_padding=\u00a0\u00bb0px||0px||false|false\u00a0\u00bb global_colors_info=\u00a0\u00bb{}\u00a0\u00bb][et_pb_column type=\u00a0\u00bb1_3&Prime; _builder_version=\u00a0\u00bb4.16&Prime; _module_preset=\u00a0\u00bbdefault\u00a0\u00bb global_colors_info=\u00a0\u00bb{}\u00a0\u00bb][\/et_pb_column][et_pb_column type=\u00a0\u00bb1_3&Prime; _builder_version=\u00a0\u00bb4.16&Prime; _module_preset=\u00a0\u00bbdefault\u00a0\u00bb global_colors_info=\u00a0\u00bb{}\u00a0\u00bb][et_pb_text _builder_version=\u00a0\u00bb4.21.0&Prime; _module_preset=\u00a0\u00bbdefault\u00a0\u00bb text_font_size=\u00a0\u00bb17px\u00a0\u00bb header_4_font=\u00a0\u00bb|700|||||||\u00a0\u00bb header_4_text_color=\u00a0\u00bb#D67E4A\u00a0\u00bb header_4_font_size=\u00a0\u00bb20px\u00a0\u00bb header_4_letter_spacing=\u00a0\u00bb1px\u00a0\u00bb text_font_size_tablet=\u00a0\u00bb17px\u00a0\u00bb text_font_size_phone=\u00a0\u00bb13px\u00a0\u00bb text_font_size_last_edited=\u00a0\u00bbon|phone\u00a0\u00bb global_colors_info=\u00a0\u00bb{}\u00a0\u00bb]<\/p>\n<h4 style=\"text-align: center;\">CONTACT<\/h4>\n<p style=\"text-align: center;\">Valentine CLERC<\/p>\n<p style=\"text-align: center;\"><a href=\"mailto:valentine.clerc@essec.edu\" target=\"_blank\" rel=\"nofollow\">valentine.clerc@essec.edu<\/a><\/p>\n<p>[\/et_pb_text][\/et_pb_column][et_pb_column type=\u00a0\u00bb1_3&Prime; _builder_version=\u00a0\u00bb4.16&Prime; _module_preset=\u00a0\u00bbdefault\u00a0\u00bb global_colors_info=\u00a0\u00bb{}\u00a0\u00bb][\/et_pb_column][\/et_pb_row][\/et_pb_section]<\/p>\n","protected":false},"excerpt":{"rendered":"<p>Observatoire de l&rsquo;\u00e9valuation d&rsquo;impact social Qui sont les acteurs qui s\u2019emparent du sujet ? Quels sont les enjeux qui les animent ? Quels sont les modalit\u00e9s,\u00a0m\u00e9thodes\u00a0et outils\u00a0qu\u2019ils mettent en \u0153uvre ? \u00c0 quelles conditions ces \u00e9valuations sont-elles utiles au d\u00e9veloppement de l\u2019innovation sociale et \u00e9cologique ? Voici quelques-unes des questions auxquelles cet Observatoire tente de [&hellip;]<\/p>\n","protected":false},"author":2,"featured_media":6455,"parent":0,"menu_order":0,"comment_status":"closed","ping_status":"closed","template":"","meta":{"_et_pb_use_builder":"on","_et_pb_old_content":"","_et_gb_content_width":"","inline_featured_image":false},"yoast_head":"<!-- This site is optimized with the Yoast SEO plugin v20.11 - https:\/\/yoast.com\/wordpress\/plugins\/seo\/ -->\n<title>L&#039;Observatoire de l&#039;\u00c9valuation d&#039;Impact Social - Centre Innovation Sociale et Ecologique<\/title>\n<meta name=\"description\" content=\"L&#039;Observatoire de l&#039;Evaluation d&#039;Impact Social vise \u00e0 r\u00e9pondre aux questions d&#039;\u00e9valuation d&#039;impact social, en lien avec le Laboratoire E&amp;MISE.\" \/>\n<meta name=\"robots\" content=\"index, follow, max-snippet:-1, max-image-preview:large, max-video-preview:-1\" \/>\n<link rel=\"canonical\" href=\"https:\/\/centre-innovation-sociale-ecologique.essec.edu\/index.php\/observatoire-evaluation-impact-social\/\" \/>\n<meta property=\"og:locale\" content=\"fr_FR\" \/>\n<meta property=\"og:type\" content=\"article\" \/>\n<meta property=\"og:title\" content=\"L&#039;Observatoire de l\u2019\u00e9valuation d\u2019impact social - ESSEC Impact Initiative\" \/>\n<meta property=\"og:description\" content=\"Qui sont les acteurs qui s\u2019emparent du sujet ? Quels sont les enjeux qui les animent ? Quels sont les modalit\u00e9s, m\u00e9thodes et outils qu\u2019ils mettent en \u0153uvre ? \u00c0 quelles conditions ces \u00e9valuations sont-elles utiles au d\u00e9veloppement de l\u2019innovation sociale et \u00e9cologique ?Voici quelques-unes des questions auxquelles cet Observatoire tente de r\u00e9pondre !\" \/>\n<meta property=\"og:url\" content=\"https:\/\/centre-innovation-sociale-ecologique.essec.edu\/index.php\/observatoire-evaluation-impact-social\/\" \/>\n<meta property=\"og:site_name\" content=\"Centre Innovation Sociale et Ecologique\" \/>\n<meta property=\"article:modified_time\" content=\"2024-08-04T16:53:39+00:00\" \/>\n<meta property=\"og:image\" content=\"https:\/\/centre-innovation-sociale-ecologique.essec.edu\/wp-content\/uploads\/2023\/03\/Capture-de\u0301cran-2023-03-01-a\u0300-17.08.03.png\" \/>\n\t<meta property=\"og:image:width\" content=\"1156\" \/>\n\t<meta property=\"og:image:height\" content=\"652\" \/>\n\t<meta property=\"og:image:type\" content=\"image\/png\" \/>\n<meta name=\"twitter:card\" content=\"summary_large_image\" \/>\n<meta name=\"twitter:title\" content=\"L&#039;Observatoire de l\u2019\u00e9valuation d\u2019impact social - ESSEC Impact Initiative\" \/>\n<meta name=\"twitter:description\" content=\"Qui sont les acteurs qui s\u2019emparent du sujet ? Quels sont les enjeux qui les animent ? Quels sont les modalit\u00e9s, m\u00e9thodes et outils qu\u2019ils mettent en \u0153uvre ? \u00c0 quelles conditions ces \u00e9valuations sont-elles utiles au d\u00e9veloppement de l\u2019innovation sociale et \u00e9cologique ?Voici quelques-unes des questions auxquelles cet Observatoire tente de r\u00e9pondre !\" \/>\n<meta name=\"twitter:image\" content=\"https:\/\/centre-innovation-sociale-ecologique.essec.edu\/wp-content\/uploads\/2023\/03\/Capture-de\u0301cran-2023-03-01-a\u0300-17.08.03.png\" \/>\n<meta name=\"twitter:label1\" content=\"Dur\u00e9e de lecture estim\u00e9e\" \/>\n\t<meta name=\"twitter:data1\" content=\"2 minutes\" \/>\n<script type=\"application\/ld+json\" class=\"yoast-schema-graph\">{\"@context\":\"https:\/\/schema.org\",\"@graph\":[{\"@type\":\"WebPage\",\"@id\":\"https:\/\/centre-innovation-sociale-ecologique.essec.edu\/index.php\/observatoire-evaluation-impact-social\/\",\"url\":\"https:\/\/centre-innovation-sociale-ecologique.essec.edu\/index.php\/observatoire-evaluation-impact-social\/\",\"name\":\"L'Observatoire de l'\u00c9valuation d'Impact Social - Centre Innovation Sociale et Ecologique\",\"isPartOf\":{\"@id\":\"https:\/\/centre-innovation-sociale-ecologique.essec.edu\/#website\"},\"datePublished\":\"2021-05-06T14:00:14+00:00\",\"dateModified\":\"2024-08-04T16:53:39+00:00\",\"description\":\"L'Observatoire de l'Evaluation d'Impact Social vise \u00e0 r\u00e9pondre aux questions d'\u00e9valuation d'impact social, en lien avec le Laboratoire E&MISE.\",\"breadcrumb\":{\"@id\":\"https:\/\/centre-innovation-sociale-ecologique.essec.edu\/index.php\/observatoire-evaluation-impact-social\/#breadcrumb\"},\"inLanguage\":\"fr-FR\",\"potentialAction\":[{\"@type\":\"ReadAction\",\"target\":[\"https:\/\/centre-innovation-sociale-ecologique.essec.edu\/index.php\/observatoire-evaluation-impact-social\/\"]}]},{\"@type\":\"BreadcrumbList\",\"@id\":\"https:\/\/centre-innovation-sociale-ecologique.essec.edu\/index.php\/observatoire-evaluation-impact-social\/#breadcrumb\",\"itemListElement\":[{\"@type\":\"ListItem\",\"position\":1,\"name\":\"Home\",\"item\":\"https:\/\/centre-innovation-sociale-ecologique.essec.edu\/\"},{\"@type\":\"ListItem\",\"position\":2,\"name\":\"L&rsquo;Observatoire de l&rsquo;\u00c9valuation d&rsquo;Impact Social\"}]},{\"@type\":\"WebSite\",\"@id\":\"https:\/\/centre-innovation-sociale-ecologique.essec.edu\/#website\",\"url\":\"https:\/\/centre-innovation-sociale-ecologique.essec.edu\/\",\"name\":\"Centre Innovation Sociale et Ecologique\",\"description\":\"\",\"publisher\":{\"@id\":\"https:\/\/centre-innovation-sociale-ecologique.essec.edu\/#organization\"},\"potentialAction\":[{\"@type\":\"SearchAction\",\"target\":{\"@type\":\"EntryPoint\",\"urlTemplate\":\"https:\/\/centre-innovation-sociale-ecologique.essec.edu\/?s={search_term_string}\"},\"query-input\":\"required name=search_term_string\"}],\"inLanguage\":\"fr-FR\"},{\"@type\":\"Organization\",\"@id\":\"https:\/\/centre-innovation-sociale-ecologique.essec.edu\/#organization\",\"name\":\"Essec Business School\",\"url\":\"https:\/\/centre-innovation-sociale-ecologique.essec.edu\/\",\"logo\":{\"@type\":\"ImageObject\",\"inLanguage\":\"fr-FR\",\"@id\":\"https:\/\/centre-innovation-sociale-ecologique.essec.edu\/#\/schema\/logo\/image\/\",\"url\":\"https:\/\/impactinitiative.essec.edu\/wp-content\/uploads\/2020\/11\/ESSEC_BS_logo_BLANC.png\",\"contentUrl\":\"https:\/\/impactinitiative.essec.edu\/wp-content\/uploads\/2020\/11\/ESSEC_BS_logo_BLANC.png\",\"width\":546,\"height\":509,\"caption\":\"Essec Business School\"},\"image\":{\"@id\":\"https:\/\/centre-innovation-sociale-ecologique.essec.edu\/#\/schema\/logo\/image\/\"}}]}<\/script>\n<!-- \/ Yoast SEO plugin. -->","yoast_head_json":{"title":"L'Observatoire de l'\u00c9valuation d'Impact Social - Centre Innovation Sociale et Ecologique","description":"L'Observatoire de l'Evaluation d'Impact Social vise \u00e0 r\u00e9pondre aux questions d'\u00e9valuation d'impact social, en lien avec le Laboratoire E&MISE.","robots":{"index":"index","follow":"follow","max-snippet":"max-snippet:-1","max-image-preview":"max-image-preview:large","max-video-preview":"max-video-preview:-1"},"canonical":"https:\/\/centre-innovation-sociale-ecologique.essec.edu\/index.php\/observatoire-evaluation-impact-social\/","og_locale":"fr_FR","og_type":"article","og_title":"L'Observatoire de l\u2019\u00e9valuation d\u2019impact social - ESSEC Impact Initiative","og_description":"Qui sont les acteurs qui s\u2019emparent du sujet ? Quels sont les enjeux qui les animent ? Quels sont les modalit\u00e9s, m\u00e9thodes et outils qu\u2019ils mettent en \u0153uvre ? \u00c0 quelles conditions ces \u00e9valuations sont-elles utiles au d\u00e9veloppement de l\u2019innovation sociale et \u00e9cologique ?Voici quelques-unes des questions auxquelles cet Observatoire tente de r\u00e9pondre !","og_url":"https:\/\/centre-innovation-sociale-ecologique.essec.edu\/index.php\/observatoire-evaluation-impact-social\/","og_site_name":"Centre Innovation Sociale et Ecologique","article_modified_time":"2024-08-04T16:53:39+00:00","og_image":[{"width":1156,"height":652,"url":"https:\/\/centre-innovation-sociale-ecologique.essec.edu\/wp-content\/uploads\/2023\/03\/Capture-de\u0301cran-2023-03-01-a\u0300-17.08.03.png","type":"image\/png"}],"twitter_card":"summary_large_image","twitter_title":"L'Observatoire de l\u2019\u00e9valuation d\u2019impact social - ESSEC Impact Initiative","twitter_description":"Qui sont les acteurs qui s\u2019emparent du sujet ? Quels sont les enjeux qui les animent ? Quels sont les modalit\u00e9s, m\u00e9thodes et outils qu\u2019ils mettent en \u0153uvre ? \u00c0 quelles conditions ces \u00e9valuations sont-elles utiles au d\u00e9veloppement de l\u2019innovation sociale et \u00e9cologique ?Voici quelques-unes des questions auxquelles cet Observatoire tente de r\u00e9pondre !","twitter_image":"https:\/\/centre-innovation-sociale-ecologique.essec.edu\/wp-content\/uploads\/2023\/03\/Capture-de\u0301cran-2023-03-01-a\u0300-17.08.03.png","twitter_misc":{"Dur\u00e9e de lecture estim\u00e9e":"2 minutes"},"schema":{"@context":"https:\/\/schema.org","@graph":[{"@type":"WebPage","@id":"https:\/\/centre-innovation-sociale-ecologique.essec.edu\/index.php\/observatoire-evaluation-impact-social\/","url":"https:\/\/centre-innovation-sociale-ecologique.essec.edu\/index.php\/observatoire-evaluation-impact-social\/","name":"L'Observatoire de l'\u00c9valuation d'Impact Social - Centre Innovation Sociale et Ecologique","isPartOf":{"@id":"https:\/\/centre-innovation-sociale-ecologique.essec.edu\/#website"},"datePublished":"2021-05-06T14:00:14+00:00","dateModified":"2024-08-04T16:53:39+00:00","description":"L'Observatoire de l'Evaluation d'Impact Social vise \u00e0 r\u00e9pondre aux questions d'\u00e9valuation d'impact social, en lien avec le Laboratoire E&MISE.","breadcrumb":{"@id":"https:\/\/centre-innovation-sociale-ecologique.essec.edu\/index.php\/observatoire-evaluation-impact-social\/#breadcrumb"},"inLanguage":"fr-FR","potentialAction":[{"@type":"ReadAction","target":["https:\/\/centre-innovation-sociale-ecologique.essec.edu\/index.php\/observatoire-evaluation-impact-social\/"]}]},{"@type":"BreadcrumbList","@id":"https:\/\/centre-innovation-sociale-ecologique.essec.edu\/index.php\/observatoire-evaluation-impact-social\/#breadcrumb","itemListElement":[{"@type":"ListItem","position":1,"name":"Home","item":"https:\/\/centre-innovation-sociale-ecologique.essec.edu\/"},{"@type":"ListItem","position":2,"name":"L&rsquo;Observatoire de l&rsquo;\u00c9valuation d&rsquo;Impact Social"}]},{"@type":"WebSite","@id":"https:\/\/centre-innovation-sociale-ecologique.essec.edu\/#website","url":"https:\/\/centre-innovation-sociale-ecologique.essec.edu\/","name":"Centre Innovation Sociale et Ecologique","description":"","publisher":{"@id":"https:\/\/centre-innovation-sociale-ecologique.essec.edu\/#organization"},"potentialAction":[{"@type":"SearchAction","target":{"@type":"EntryPoint","urlTemplate":"https:\/\/centre-innovation-sociale-ecologique.essec.edu\/?s={search_term_string}"},"query-input":"required name=search_term_string"}],"inLanguage":"fr-FR"},{"@type":"Organization","@id":"https:\/\/centre-innovation-sociale-ecologique.essec.edu\/#organization","name":"Essec Business School","url":"https:\/\/centre-innovation-sociale-ecologique.essec.edu\/","logo":{"@type":"ImageObject","inLanguage":"fr-FR","@id":"https:\/\/centre-innovation-sociale-ecologique.essec.edu\/#\/schema\/logo\/image\/","url":"https:\/\/impactinitiative.essec.edu\/wp-content\/uploads\/2020\/11\/ESSEC_BS_logo_BLANC.png","contentUrl":"https:\/\/impactinitiative.essec.edu\/wp-content\/uploads\/2020\/11\/ESSEC_BS_logo_BLANC.png","width":546,"height":509,"caption":"Essec Business School"},"image":{"@id":"https:\/\/centre-innovation-sociale-ecologique.essec.edu\/#\/schema\/logo\/image\/"}}]}},"_links":{"self":[{"href":"https:\/\/centre-innovation-sociale-ecologique.essec.edu\/index.php\/wp-json\/wp\/v2\/pages\/2277"}],"collection":[{"href":"https:\/\/centre-innovation-sociale-ecologique.essec.edu\/index.php\/wp-json\/wp\/v2\/pages"}],"about":[{"href":"https:\/\/centre-innovation-sociale-ecologique.essec.edu\/index.php\/wp-json\/wp\/v2\/types\/page"}],"author":[{"embeddable":true,"href":"https:\/\/centre-innovation-sociale-ecologique.essec.edu\/index.php\/wp-json\/wp\/v2\/users\/2"}],"replies":[{"embeddable":true,"href":"https:\/\/centre-innovation-sociale-ecologique.essec.edu\/index.php\/wp-json\/wp\/v2\/comments?post=2277"}],"version-history":[{"count":291,"href":"https:\/\/centre-innovation-sociale-ecologique.essec.edu\/index.php\/wp-json\/wp\/v2\/pages\/2277\/revisions"}],"predecessor-version":[{"id":9102,"href":"https:\/\/centre-innovation-sociale-ecologique.essec.edu\/index.php\/wp-json\/wp\/v2\/pages\/2277\/revisions\/9102"}],"wp:featuredmedia":[{"embeddable":true,"href":"https:\/\/centre-innovation-sociale-ecologique.essec.edu\/index.php\/wp-json\/wp\/v2\/media\/6455"}],"wp:attachment":[{"href":"https:\/\/centre-innovation-sociale-ecologique.essec.edu\/index.php\/wp-json\/wp\/v2\/media?parent=2277"}],"curies":[{"name":"wp","href":"https:\/\/api.w.org\/{rel}","templated":true}]}}